{"id":4920,"date":"2025-01-28T11:25:37","date_gmt":"2025-01-28T11:25:37","guid":{"rendered":"https:\/\/wisewand.ai\/mencoes-legais\/"},"modified":"2026-03-10T13:09:59","modified_gmt":"2026-03-10T13:09:59","slug":"mencoes-legais","status":"publish","type":"page","link":"https:\/\/wisewand.ai\/pt-pt\/mencoes-legais\/","title":{"rendered":"Men\u00e7\u00f5es Legais"},"content":{"rendered":"\t\t<div data-elementor-type=\"wp-page\" data-elementor-id=\"4920\" class=\"elementor elementor-4920 elementor-815\" data-elementor-post-type=\"page\">\n\t\t\t\t<div class=\"elementor-element elementor-element-beaade4 e-flex e-con-boxed e-con e-parent\" data-id=\"beaade4\" data-element_type=\"container\" data-e-type=\"container\" data-settings=\"{&quot;background_background&quot;:&quot;classic&quot;}\">\n\t\t\t\t\t<div class=\"e-con-inner\">\n\t\t\t\t<div class=\"elementor-element elementor-element-aa64304 elementor-widget elementor-widget-text-editor\" data-id=\"aa64304\" data-element_type=\"widget\" data-e-type=\"widget\" data-widget_type=\"text-editor.default\">\n\t\t\t\t<div class=\"elementor-widget-container\">\n\t\t\t\t\t\t\t\t\t<h2>1. Informa\u00e7\u00f5es Legais<\/h2><p><strong>Nome da empresa:<\/strong> WISEWAND<br><strong>Estatuto jur\u00eddico:<\/strong> Sociedade por A\u00e7\u00f5es Simplificada (SAS)<br><strong>Capital social:<\/strong> 10.000 \u20ac<br><strong>Endere\u00e7o da sede social:<\/strong> 7 PLACE DE L&#8217;HOTEL DE VILLE, 93600 AULNAY-SOUS-BOIS<br><strong>Telefone:<\/strong> (informa\u00e7\u00e3o reservada a utilizadores com sess\u00e3o iniciada)<br><strong>Email:<\/strong> (informa\u00e7\u00e3o reservada a utilizadores com sess\u00e3o iniciada)<br><strong>N\u00famero SIREN:<\/strong> 940 873 706<br><strong>N\u00famero SIRET (sede):<\/strong> 940 873 706 00011<br><strong>N\u00famero de IVA intracomunit\u00e1rio:<\/strong> FR88940873706<br><strong>Registo no RCS:<\/strong> Registada no RCS de Bobigny em 19\/02\/2025<br><strong>C\u00f3digo NAF\/APE:<\/strong> 74.10Z \u2013 Atividades especializadas de design<\/p><h2>2. Dirigentes e Diretor de Publica\u00e7\u00e3o<\/h2><p><strong>Presidente:<\/strong> a empresa CraftSEO<br><strong>Diretor-Geral:<\/strong> a empresa ZALIDAN CAPITAL<br><strong>Diretor-Geral Delegado:<\/strong> a empresa THE COOL DOG<br><strong>Diretor de Publica\u00e7\u00e3o:<\/strong> CraftSEO<br><em>(Os dados de contacto do respons\u00e1vel pela publica\u00e7\u00e3o s\u00e3o reservados e ser\u00e3o comunicados mediante pedido.)<\/em><\/p><h2>3. Alojamento<\/h2><p>As informa\u00e7\u00f5es relativas ao alojamento do site WISEWAND s\u00e3o reservadas a utilizadores com sess\u00e3o iniciada.<\/p><h2>4. Propriedade Intelectual<\/h2><p>Todos os elementos presentes no site WISEWAND (textos, imagens, ilustra\u00e7\u00f5es, log\u00f3tipos,<br>estruturas e formata\u00e7\u00f5es) s\u00e3o propriedade exclusiva da WISEWAND ou dos seus parceiros.<br>Qualquer reprodu\u00e7\u00e3o, representa\u00e7\u00e3o, modifica\u00e7\u00e3o ou difus\u00e3o, mesmo que parcial, \u00e9 estritamente proibida<br>sem a autoriza\u00e7\u00e3o pr\u00e9via por escrito da WISEWAND, em conformidade com as disposi\u00e7\u00f5es do C\u00f3digo da Propriedade Intelectual.<\/p><h2>5. Dados Pessoais<\/h2><p>Os dados recolhidos no site WISEWAND destinam-se a melhorar a rela\u00e7\u00e3o com o cliente e a fornecer-lhe<br>os servi\u00e7os solicitados. O respons\u00e1vel pelo tratamento \u00e9 a WISEWAND, cujos contactos figuram acima. <\/p><p>Em conformidade com a lei \u00abinform\u00e1tica e liberdades\u00bb de 6 de janeiro de 1978, conforme alterada, e com o Regulamento Geral sobre<br>a Prote\u00e7\u00e3o de Dados (RGPD), disp\u00f5e dos seguintes direitos:<\/p><ul><li>Direito de acesso<\/li><li>Direito de retifica\u00e7\u00e3o<\/li><li>Direito ao apagamento<\/li><li>Direito \u00e0 limita\u00e7\u00e3o do tratamento<\/li><li>Direito de oposi\u00e7\u00e3o<\/li><li>Direito \u00e0 portabilidade<\/li><\/ul><p>Para exercer estes direitos, queira contactar o respons\u00e1vel pelo tratamento nos dados de contacto indicados.<\/p><h2>6. Cookies<\/h2><p>O site WISEWAND poder\u00e1 solicitar a aceita\u00e7\u00e3o de cookies para fins estat\u00edsticos<br>e de visualiza\u00e7\u00e3o. Um cookie \u00e9 uma informa\u00e7\u00e3o depositada no seu disco r\u00edgido pelo servidor do site que visita.<br>Pode configurar o seu navegador para recusar cookies, mas isso poder\u00e1 afetar a sua experi\u00eancia de utilizador. <\/p><h2>7. Liga\u00e7\u00f5es de Hipertexto<\/h2><p>O site WISEWAND pode conter liga\u00e7\u00f5es para outros sites da internet ou recursos externos. A WISEWAND n\u00e3o exerce<br>qualquer controlo sobre estes sites e declina qualquer responsabilidade quanto ao seu conte\u00fado ou disponibilidade. \u00c9<br>recomend\u00e1vel consultar os termos de utiliza\u00e7\u00e3o e a pol\u00edtica de privacidade destes sites antes de lhes comunicar<br>os seus dados pessoais.  <\/p><h2>8. Lit\u00edgios<\/h2><p>As presentes men\u00e7\u00f5es legais s\u00e3o regidas pelo direito franc\u00eas. Em caso de lit\u00edgio relativo \u00e0 sua interpreta\u00e7\u00e3o<br>ou execu\u00e7\u00e3o, apenas os tribunais competentes da jurisdi\u00e7\u00e3o da sede social da WISEWAND ser\u00e3o competentes.<br>A l\u00edngua de refer\u00eancia para a resolu\u00e7\u00e3o de lit\u00edgios \u00e9 o franc\u00eas. <\/p>\t\t\t\t\t\t\t\t<\/div>\n\t\t\t\t<\/div>\n\t\t\t\t\t<\/div>\n\t\t\t\t<\/div>\n\t\t\t\t<\/div>\n\t\t","protected":false},"excerpt":{"rendered":"<p>1. Informa\u00e7\u00f5es Legais Nome da empresa: WISEWANDEstatuto jur\u00eddico: Sociedade por A\u00e7\u00f5es Simplificada (SAS)Capital social: 10.000 \u20acEndere\u00e7o da sede social: 7 PLACE DE L&#8217;HOTEL DE VILLE, 93600 AULNAY-SOUS-BOISTelefone: (informa\u00e7\u00e3o reservada a utilizadores com sess\u00e3o iniciada)Email: (informa\u00e7\u00e3o reservada a utilizadores com sess\u00e3o iniciada)N\u00famero SIREN: 940 873 706N\u00famero SIRET (sede): 940 873 706 00011N\u00famero de IVA intracomunit\u00e1rio: FR88940873706Registo [&hellip;]<\/p>\n","protected":false},"author":4,"featured_media":0,"parent":0,"menu_order":0,"comment_status":"closed","ping_status":"closed","template":"elementor_header_footer","meta":{"footnotes":""},"class_list":["post-4920","page","type-page","status-publish","hentry"],"_links":{"self":[{"href":"https:\/\/wisewand.ai\/pt-pt\/wp-json\/wp\/v2\/pages\/4920","targetHints":{"allow":["GET"]}}],"collection":[{"href":"https:\/\/wisewand.ai\/pt-pt\/wp-json\/wp\/v2\/pages"}],"about":[{"href":"https:\/\/wisewand.ai\/pt-pt\/wp-json\/wp\/v2\/types\/page"}],"author":[{"embeddable":true,"href":"https:\/\/wisewand.ai\/pt-pt\/wp-json\/wp\/v2\/users\/4"}],"replies":[{"embeddable":true,"href":"https:\/\/wisewand.ai\/pt-pt\/wp-json\/wp\/v2\/comments?post=4920"}],"version-history":[{"count":2,"href":"https:\/\/wisewand.ai\/pt-pt\/wp-json\/wp\/v2\/pages\/4920\/revisions"}],"predecessor-version":[{"id":5109,"href":"https:\/\/wisewand.ai\/pt-pt\/wp-json\/wp\/v2\/pages\/4920\/revisions\/5109"}],"wp:attachment":[{"href":"https:\/\/wisewand.ai\/pt-pt\/wp-json\/wp\/v2\/media?parent=4920"}],"curies":[{"name":"wp","href":"https:\/\/api.w.org\/{rel}","templated":true}]}}