{"id":4864,"date":"2025-09-21T08:38:06","date_gmt":"2025-09-21T08:38:06","guid":{"rendered":"https:\/\/wisewand.ai\/los-consejos-de-wisewand\/"},"modified":"2026-04-20T20:20:35","modified_gmt":"2026-04-20T20:20:35","slug":"los-consejos-de-wisewand","status":"publish","type":"page","link":"https:\/\/wisewand.ai\/es\/los-consejos-de-wisewand\/","title":{"rendered":"Los consejos de Wisewand"},"content":{"rendered":"\t\t<div data-elementor-type=\"wp-page\" data-elementor-id=\"4864\" class=\"elementor elementor-4864 elementor-2588\" data-elementor-post-type=\"page\">\n\t\t\t\t<div class=\"elementor-element elementor-element-e775d81 e-flex e-con-boxed e-con e-parent\" data-id=\"e775d81\" data-element_type=\"container\" data-e-type=\"container\" data-settings=\"{&quot;background_background&quot;:&quot;classic&quot;}\">\n\t\t\t\t\t<div class=\"e-con-inner\">\n\t\t\t\t<div class=\"elementor-element elementor-element-62150db elementor-widget elementor-widget-heading\" data-id=\"62150db\" data-element_type=\"widget\" data-e-type=\"widget\" data-widget_type=\"heading.default\">\n\t\t\t\t<div class=\"elementor-widget-container\">\n\t\t\t\t\t<h1 class=\"elementor-heading-title elementor-size-default\">Los consejos de Wisewand<\/h1>\t\t\t\t<\/div>\n\t\t\t\t<\/div>\n\t\t\t\t\t<\/div>\n\t\t\t\t<\/div>\n\t\t<div class=\"elementor-element elementor-element-04f7b71 e-flex e-con-boxed e-con e-parent\" data-id=\"04f7b71\" data-element_type=\"container\" data-e-type=\"container\">\n\t\t\t\t\t<div class=\"e-con-inner\">\n\t\t\t\t<div class=\"elementor-element elementor-element-92b411f elementor-widget elementor-widget-template\" data-id=\"92b411f\" data-element_type=\"widget\" data-e-type=\"widget\" data-widget_type=\"template.default\">\n\t\t\t\t<div class=\"elementor-widget-container\">\n\t\t\t\t\t\t\t<div class=\"elementor-template\">\n\t\t\t\t\t<div data-elementor-type=\"container\" data-elementor-id=\"4900\" class=\"elementor elementor-4900 elementor-4595 elementor-4595\" data-elementor-post-type=\"elementor_library\">\n\t\t\t\t<div class=\"elementor-element elementor-element-35278976 e-con-full e-flex e-con e-child\" data-id=\"35278976\" data-element_type=\"container\" data-e-type=\"container\" data-settings=\"{&quot;background_background&quot;:&quot;classic&quot;}\">\n\t\t<div class=\"elementor-element elementor-element-541e1260 e-con-full e-flex e-con e-child\" data-id=\"541e1260\" data-element_type=\"container\" data-e-type=\"container\">\n\t\t\t\t<div class=\"elementor-element elementor-element-21e56c2b gradient-text elementor-invisible elementor-widget elementor-widget-heading\" data-id=\"21e56c2b\" data-element_type=\"widget\" data-e-type=\"widget\" data-settings=\"{&quot;_animation&quot;:&quot;slideInUp&quot;}\" data-widget_type=\"heading.default\">\n\t\t\t\t<div class=\"elementor-widget-container\">\n\t\t\t\t\t<h2 class=\"elementor-heading-title elementor-size-default\">\u00a1Pase a la acci\u00f3n! Impulse su visibilidad hoy mismo <\/h2>\t\t\t\t<\/div>\n\t\t\t\t<\/div>\n\t\t\t\t<div class=\"elementor-element elementor-element-2a2fd269 elementor-invisible elementor-widget elementor-widget-text-editor\" data-id=\"2a2fd269\" data-element_type=\"widget\" data-e-type=\"widget\" data-settings=\"{&quot;_animation&quot;:&quot;slideInUp&quot;}\" data-widget_type=\"text-editor.default\">\n\t\t\t\t<div class=\"elementor-widget-container\">\n\t\t\t\t\t\t\t\t\t<p class=\"p1\"><strong>\u00a1\u00danase a los m\u00e1s de 2.300 editores y agencias que crean contenidos SEO m\u00e1s eficaces y con mayor rapidez!<\/strong> Sin sacrificar la calidad. Pruebe Wisewand gratis, sin compromiso. <\/p>\t\t\t\t\t\t\t\t<\/div>\n\t\t\t\t<\/div>\n\t\t<div class=\"elementor-element elementor-element-3743a261 e-con-full e-flex e-con e-child\" data-id=\"3743a261\" data-element_type=\"container\" data-e-type=\"container\">\n\t\t\t\t<div class=\"elementor-element elementor-element-291a7639 elementor-align-justify elementor-mobile-align-justify elementor-widget__width-initial elementor-invisible elementor-widget elementor-widget-button\" data-id=\"291a7639\" data-element_type=\"widget\" data-e-type=\"widget\" data-settings=\"{&quot;_animation&quot;:&quot;slideInUp&quot;}\" data-widget_type=\"button.default\">\n\t\t\t\t<div class=\"elementor-widget-container\">\n\t\t\t\t\t\t\t\t\t<div class=\"elementor-button-wrapper\">\n\t\t\t\t\t<a class=\"elementor-button elementor-button-link elementor-size-sm\" href=\"https:\/\/app.wisewand.ai\/register\">\n\t\t\t\t\t\t<span class=\"elementor-button-content-wrapper\">\n\t\t\t\t\t\t\t\t\t<span class=\"elementor-button-text\">Probar ahora<\/span>\n\t\t\t\t\t<\/span>\n\t\t\t\t\t<\/a>\n\t\t\t\t<\/div>\n\t\t\t\t\t\t\t\t<\/div>\n\t\t\t\t<\/div>\n\t\t<div class=\"elementor-element elementor-element-414750f8 e-con-full e-flex elementor-invisible e-con e-child\" data-id=\"414750f8\" data-element_type=\"container\" data-e-type=\"container\" data-settings=\"{&quot;animation&quot;:&quot;slideInUp&quot;,&quot;animation_delay&quot;:100}\">\n\t\t\t\t<div class=\"elementor-element elementor-element-48d537f4 elementor-widget elementor-widget-image\" data-id=\"48d537f4\" data-element_type=\"widget\" data-e-type=\"widget\" data-widget_type=\"image.default\">\n\t\t\t\t<div class=\"elementor-widget-container\">\n\t\t\t\t\t\t\t\t\t\t\t\t\t\t\t<img decoding=\"async\" width=\"169\" height=\"49\" src=\"https:\/\/wisewand.ai\/wp-content\/uploads\/2026\/02\/img-trust-reviews-utilisateurs-Wisewand-Redaction-IA-SEO-Simplifie-Ultra-Puissante.png\" class=\"attachment-large size-large wp-image-4800\" alt=\"\" \/>\t\t\t\t\t\t\t\t\t\t\t\t\t\t\t<\/div>\n\t\t\t\t<\/div>\n\t\t\t\t<div class=\"elementor-element elementor-element-3fedb1e5 elementor-widget-tablet__width-initial elementor-widget__width-initial elementor-widget elementor-widget-text-editor\" data-id=\"3fedb1e5\" data-element_type=\"widget\" data-e-type=\"widget\" data-widget_type=\"text-editor.default\">\n\t\t\t\t<div class=\"elementor-widget-container\">\n\t\t\t\t\t\t\t\t\t<p><strong>+2300 editores de sitios, SEO, Agencias<\/strong> se benefician de la potencia de Wisewand<\/p>\t\t\t\t\t\t\t\t<\/div>\n\t\t\t\t<\/div>\n\t\t\t\t<\/div>\n\t\t\t\t<\/div>\n\t\t\t\t<\/div>\n\t\t\t\t<div class=\"elementor-element elementor-element-69d61a5d elementor-widget__width-initial elementor-widget elementor-widget-image\" data-id=\"69d61a5d\" data-element_type=\"widget\" data-e-type=\"widget\" data-widget_type=\"image.default\">\n\t\t\t\t<div class=\"elementor-widget-container\">\n\t\t\t\t\t\t\t\t\t\t\t\t\t\t\t<img fetchpriority=\"high\" decoding=\"async\" width=\"1653\" height=\"1104\" src=\"https:\/\/wisewand.ai\/wp-content\/uploads\/2026\/04\/img-cta-interface-Wisewand-Redaction-IA-SEO-Simplifie-Ultra-Puissante-en.png\" class=\"attachment-full size-full wp-image-5201\" alt=\"\" srcset=\"https:\/\/wisewand.ai\/wp-content\/uploads\/2026\/04\/img-cta-interface-Wisewand-Redaction-IA-SEO-Simplifie-Ultra-Puissante-en.png 1653w, https:\/\/wisewand.ai\/wp-content\/uploads\/2026\/04\/img-cta-interface-Wisewand-Redaction-IA-SEO-Simplifie-Ultra-Puissante-en-300x200.png 300w, https:\/\/wisewand.ai\/wp-content\/uploads\/2026\/04\/img-cta-interface-Wisewand-Redaction-IA-SEO-Simplifie-Ultra-Puissante-en-1024x684.png 1024w, https:\/\/wisewand.ai\/wp-content\/uploads\/2026\/04\/img-cta-interface-Wisewand-Redaction-IA-SEO-Simplifie-Ultra-Puissante-en-768x513.png 768w, https:\/\/wisewand.ai\/wp-content\/uploads\/2026\/04\/img-cta-interface-Wisewand-Redaction-IA-SEO-Simplifie-Ultra-Puissante-en-1536x1026.png 1536w\" sizes=\"(max-width: 1653px) 100vw, 1653px\" \/>\t\t\t\t\t\t\t\t\t\t\t\t\t\t\t<\/div>\n\t\t\t\t<\/div>\n\t\t\t\t<\/div>\n\t\t\t\t<\/div>\n\t\t\t\t<\/div>\n\t\t\t\t\t\t<\/div>\n\t\t\t\t<\/div>\n\t\t\t\t\t<\/div>\n\t\t\t\t<\/div>\n\t\t\t\t<\/div>\n\t\t","protected":false},"excerpt":{"rendered":"<p>Los consejos de Wisewand<\/p>\n","protected":false},"author":8,"featured_media":0,"parent":0,"menu_order":0,"comment_status":"closed","ping_status":"closed","template":"","meta":{"footnotes":""},"class_list":["post-4864","page","type-page","status-publish","hentry"],"_links":{"self":[{"href":"https:\/\/wisewand.ai\/es\/wp-json\/wp\/v2\/pages\/4864","targetHints":{"allow":["GET"]}}],"collection":[{"href":"https:\/\/wisewand.ai\/es\/wp-json\/wp\/v2\/pages"}],"about":[{"href":"https:\/\/wisewand.ai\/es\/wp-json\/wp\/v2\/types\/page"}],"author":[{"embeddable":true,"href":"https:\/\/wisewand.ai\/es\/wp-json\/wp\/v2\/users\/8"}],"replies":[{"embeddable":true,"href":"https:\/\/wisewand.ai\/es\/wp-json\/wp\/v2\/comments?post=4864"}],"version-history":[{"count":3,"href":"https:\/\/wisewand.ai\/es\/wp-json\/wp\/v2\/pages\/4864\/revisions"}],"predecessor-version":[{"id":5381,"href":"https:\/\/wisewand.ai\/es\/wp-json\/wp\/v2\/pages\/4864\/revisions\/5381"}],"wp:attachment":[{"href":"https:\/\/wisewand.ai\/es\/wp-json\/wp\/v2\/media?parent=4864"}],"curies":[{"name":"wp","href":"https:\/\/api.w.org\/{rel}","templated":true}]}}