{"id":4916,"date":"2025-01-28T11:25:37","date_gmt":"2025-01-28T11:25:37","guid":{"rendered":"https:\/\/wisewand.ai\/impressum\/"},"modified":"2026-03-10T12:57:27","modified_gmt":"2026-03-10T12:57:27","slug":"impressum","status":"publish","type":"page","link":"https:\/\/wisewand.ai\/de\/impressum\/","title":{"rendered":"Impressum"},"content":{"rendered":"\t\t<div data-elementor-type=\"wp-page\" data-elementor-id=\"4916\" class=\"elementor elementor-4916 elementor-815\" data-elementor-post-type=\"page\">\n\t\t\t\t<div class=\"elementor-element elementor-element-beaade4 e-flex e-con-boxed e-con e-parent\" data-id=\"beaade4\" data-element_type=\"container\" data-e-type=\"container\" data-settings=\"{&quot;background_background&quot;:&quot;classic&quot;}\">\n\t\t\t\t\t<div class=\"e-con-inner\">\n\t\t\t\t<div class=\"elementor-element elementor-element-aa64304 elementor-widget elementor-widget-text-editor\" data-id=\"aa64304\" data-element_type=\"widget\" data-e-type=\"widget\" data-widget_type=\"text-editor.default\">\n\t\t\t\t<div class=\"elementor-widget-container\">\n\t\t\t\t\t\t\t\t\t<h2>1. Rechtliche Informationen<\/h2><p><strong>Unternehmensname:<\/strong> WISEWAND<br><strong>Rechtsform:<\/strong> Soci\u00e9t\u00e9 par actions simplifi\u00e9e (SAS)<br><strong>Grundkapital:<\/strong> 10.000 \u20ac<br><strong>Adresse des Hauptsitzes:<\/strong> 7 PLACE DE L&#8217;HOTEL DE VILLE, 93600 AULNAY-SOUS-BOIS<br><strong>Telefon:<\/strong> (Informationen f\u00fcr angemeldete Benutzer reserviert)<br><strong>E-Mail:<\/strong> (Informationen f\u00fcr angemeldete Benutzer reserviert)<br><strong>SIREN-Nummer:<\/strong> 940 873 706<br><strong>SIRET-Nummer (Hauptsitz):<\/strong> 940 873 706 00011<br><strong>Umsatzsteuer-Identifikationsnummer:<\/strong> FR88940873706<br><strong>Handelsregistereintrag:<\/strong> Eingetragen im Handelsregister (RCS) von Bobigny am 19.02.2025<br><strong>NAF\/APE-Code:<\/strong> 74.10Z \u2013 Spezialisierte Designaktivit\u00e4ten<\/p><h2>2. Gesch\u00e4ftsf\u00fchrung und Verantwortlicher f\u00fcr die Ver\u00f6ffentlichung<\/h2><p><strong>Pr\u00e4sident:<\/strong> die Gesellschaft CraftSEO<br><strong>Gesch\u00e4ftsf\u00fchrer:<\/strong> die Gesellschaft ZALIDAN CAPITAL<br><strong>Stellvertretender Gesch\u00e4ftsf\u00fchrer:<\/strong> die Gesellschaft THE COOL DOG<br><strong>Verantwortlich f\u00fcr die Ver\u00f6ffentlichung:<\/strong> CraftSEO<br><em>(Die Kontaktdaten des Verantwortlichen f\u00fcr die Ver\u00f6ffentlichung sind vertraulich und werden auf Anfrage mitgeteilt.)<\/em><\/p><h2>3. Hosting-Anbieter<\/h2><p>Informationen zum Hosting der WISEWAND-Website sind angemeldeten Benutzern vorbehalten.<\/p><h2>4. Geistiges Eigentum<\/h2><p>Alle auf der Website WISEWAND vorhandenen Elemente (Texte, Bilder, Illustrationen, Logos,<br>Strukturen und Layouts) sind ausschlie\u00dfliches Eigentum von WISEWAND oder seiner Partner.<br>Jegliche Vervielf\u00e4ltigung, Darstellung, \u00c4nderung oder Verbreitung, auch auszugsweise, ist ohne vorherige schriftliche Genehmigung von WISEWAND strengstens untersagt<br>und verst\u00f6\u00dft gegen die Bestimmungen des franz\u00f6sischen Gesetzes zum Schutz des geistigen Eigentums.<\/p><h2>5. Personenbezogene Daten<\/h2><p>Die auf der Website WISEWAND erhobenen Daten dienen der Verbesserung der Kundenbeziehung und der Bereitstellung<br>der von Ihnen angeforderten Dienstleistungen. Verantwortlicher f\u00fcr die Datenverarbeitung ist WISEWAND, dessen Kontaktdaten oben aufgef\u00fchrt sind. <\/p><p>Gem\u00e4\u00df dem franz\u00f6sischen Datenschutzgesetz vom 6. Januar 1978 in ge\u00e4nderter Fassung und der Datenschutz-Grundverordnung<br>(DSGVO) stehen Ihnen folgende Rechte zu:<\/p><ul><li>Recht auf Auskunft<\/li><li>Recht auf Berichtigung<\/li><li>Recht auf L\u00f6schung<\/li><li>Recht auf Einschr\u00e4nkung der Verarbeitung<\/li><li>Recht auf Widerspruch<\/li><li>Recht auf Daten\u00fcbertragbarkeit<\/li><\/ul><p>Um diese Rechte auszu\u00fcben, wenden Sie sich bitte an den Verantwortlichen f\u00fcr die Datenverarbeitung unter den angegebenen Kontaktdaten.<\/p><h2>6. Cookies<\/h2><p>Die Website WISEWAND kann Sie um die Annahme von Cookies f\u00fcr statistische Zwecke<br>und zur Anzeige bitten. Ein Cookie ist eine Information, die vom Server der von Ihnen besuchten Website auf Ihrer Festplatte abgelegt wird.<br>Sie k\u00f6nnen Ihren Browser so konfigurieren, dass Cookies abgelehnt werden, dies k\u00f6nnte jedoch Ihre Benutzererfahrung beeintr\u00e4chtigen. <\/p><h2>7. Hyperlinks<\/h2><p>Die Website WISEWAND kann Links zu anderen Websites oder externen Ressourcen enthalten. WISEWAND \u00fcbt<br>keine Kontrolle \u00fcber diese Websites aus und lehnt jegliche Verantwortung f\u00fcr deren Inhalt oder Verf\u00fcgbarkeit ab. Es wird<br>empfohlen, die Nutzungsbedingungen und die Datenschutzrichtlinie dieser Websites zu konsultieren, bevor Sie ihnen<br>Ihre personenbezogenen Daten mitteilen.  <\/p><h2>8. Streitigkeiten<\/h2><p>Diese rechtlichen Hinweise unterliegen franz\u00f6sischem Recht. Im Falle eines Rechtsstreits bez\u00fcglich ihrer Auslegung<br>oder Durchf\u00fchrung sind ausschlie\u00dflich die zust\u00e4ndigen Gerichte des Gerichtsbezirks des Hauptsitzes von WISEWAND zust\u00e4ndig.<br>Die Referenzsprache f\u00fcr die Beilegung von Streitigkeiten ist Franz\u00f6sisch. <\/p>\t\t\t\t\t\t\t\t<\/div>\n\t\t\t\t<\/div>\n\t\t\t\t\t<\/div>\n\t\t\t\t<\/div>\n\t\t\t\t<\/div>\n\t\t","protected":false},"excerpt":{"rendered":"<p>1. Rechtliche Informationen Unternehmensname: WISEWANDRechtsform: Soci\u00e9t\u00e9 par actions simplifi\u00e9e (SAS)Grundkapital: 10.000 \u20acAdresse des Hauptsitzes: 7 PLACE DE L&#8217;HOTEL DE VILLE, 93600 AULNAY-SOUS-BOISTelefon: (Informationen f\u00fcr angemeldete Benutzer reserviert)E-Mail: (Informationen f\u00fcr angemeldete Benutzer reserviert)SIREN-Nummer: 940 873 706SIRET-Nummer (Hauptsitz): 940 873 706 00011Umsatzsteuer-Identifikationsnummer: FR88940873706Handelsregistereintrag: Eingetragen im Handelsregister (RCS) von Bobigny am 19.02.2025NAF\/APE-Code: 74.10Z \u2013 Spezialisierte Designaktivit\u00e4ten 2. Gesch\u00e4ftsf\u00fchrung [&hellip;]<\/p>\n","protected":false},"author":4,"featured_media":0,"parent":0,"menu_order":0,"comment_status":"closed","ping_status":"closed","template":"elementor_header_footer","meta":{"footnotes":""},"class_list":["post-4916","page","type-page","status-publish","hentry"],"_links":{"self":[{"href":"https:\/\/wisewand.ai\/de\/wp-json\/wp\/v2\/pages\/4916","targetHints":{"allow":["GET"]}}],"collection":[{"href":"https:\/\/wisewand.ai\/de\/wp-json\/wp\/v2\/pages"}],"about":[{"href":"https:\/\/wisewand.ai\/de\/wp-json\/wp\/v2\/types\/page"}],"author":[{"embeddable":true,"href":"https:\/\/wisewand.ai\/de\/wp-json\/wp\/v2\/users\/4"}],"replies":[{"embeddable":true,"href":"https:\/\/wisewand.ai\/de\/wp-json\/wp\/v2\/comments?post=4916"}],"version-history":[{"count":2,"href":"https:\/\/wisewand.ai\/de\/wp-json\/wp\/v2\/pages\/4916\/revisions"}],"predecessor-version":[{"id":5105,"href":"https:\/\/wisewand.ai\/de\/wp-json\/wp\/v2\/pages\/4916\/revisions\/5105"}],"wp:attachment":[{"href":"https:\/\/wisewand.ai\/de\/wp-json\/wp\/v2\/media?parent=4916"}],"curies":[{"name":"wp","href":"https:\/\/api.w.org\/{rel}","templated":true}]}}