{"id":4908,"date":"2025-01-28T11:26:37","date_gmt":"2025-01-28T11:26:37","guid":{"rendered":"https:\/\/wisewand.ai\/agb\/"},"modified":"2026-03-10T12:42:00","modified_gmt":"2026-03-10T12:42:00","slug":"agb","status":"publish","type":"page","link":"https:\/\/wisewand.ai\/de\/agb\/","title":{"rendered":"AGB"},"content":{"rendered":"\t\t<div data-elementor-type=\"wp-page\" data-elementor-id=\"4908\" class=\"elementor elementor-4908 elementor-819\" data-elementor-post-type=\"page\">\n\t\t\t\t<div class=\"elementor-element elementor-element-5ad95fb e-flex e-con-boxed e-con e-parent\" data-id=\"5ad95fb\" data-element_type=\"container\" data-e-type=\"container\" data-settings=\"{&quot;background_background&quot;:&quot;classic&quot;}\">\n\t\t\t\t\t<div class=\"e-con-inner\">\n\t\t\t\t<div class=\"elementor-element elementor-element-e41d2e2 elementor-widget elementor-widget-text-editor\" data-id=\"e41d2e2\" data-element_type=\"widget\" data-e-type=\"widget\" data-widget_type=\"text-editor.default\">\n\t\t\t\t<div class=\"elementor-widget-container\">\n\t\t\t\t\t\t\t\t\t<h1>Allgemeine Gesch\u00e4ftsbedingungen (AGB) \u2013 Wisewand<\/h1><p><em>Letzte Aktualisierung: 1. M\u00e4rz 2025<\/em><\/p><h2>1. Gegenstand<\/h2><p>Diese Allgemeinen Gesch\u00e4ftsbedingungen (AGB) dienen dazu, die Modalit\u00e4ten und Bedingungen festzulegen, unter denen Wisewand seinen Nutzern den Zugang zu seiner Plattform f\u00fcr die Erstellung von SEO-optimierten Inhalten sowie zu allen damit verbundenen Dienstleistungen (im Folgenden \u201eDienstleistungen\u201c) zur Verf\u00fcgung stellt. Durch die Nutzung der Wisewand-Plattform erkennt der Nutzer an, diese AGB gelesen zu haben und sie vorbehaltlos zu akzeptieren. <\/p><h2>2. Beschreibung der Dienstleistungen<\/h2><p>Wisewand ist eine KI-Plattform, die die automatisierte Generierung von f\u00fcr die Suchmaschinenoptimierung (SEO) optimierten Inhalten erm\u00f6glicht. Die angebotenen Dienstleistungen umfassen insbesondere: <\/p><h3>Affiliate-Modus<\/h3><ul><li>Produktbewertung<\/li><li>Produktvergleich<\/li><li>Beste Produkte<\/li><li>Gutscheincodes<\/li><\/ul><h3>Erweiterter Modus<\/h3><p>Vollst\u00e4ndige Anpassung der Inhalte (Auswahl von Keywords, Strukturierung, Integration von Tabellen, Listen, internen\/externen Links usw.)<\/p><h3>Autopilot-Modus<\/h3><p>Automatische Generierung und Ver\u00f6ffentlichung von Inhalten, einschlie\u00dflich:<\/p><ul><li>Verbindung zu Websites (WordPress)<\/li><li>Analyse von RSS-Feeds<\/li><li>Extraktion von Inhalten aus YouTube<\/li><\/ul><p>Die Plattform erm\u00f6glicht auch externe Integrationen (WordPress, YouTube, RSS-Feeds) und bietet Tools f\u00fcr Projektverwaltung, Personalisierung von Personas sowie ein System von Credits und Abonnements.<\/p><h2>3. Modalit\u00e4ten der Bestellung und des Zugangs zu den Dienstleistungen<\/h2><h3>Bestellungen<\/h3><p>Bestellungen werden ausschlie\u00dflich online \u00fcber die Plattform aufgegeben. Der Nutzer w\u00e4hlt das Paket oder die Anzahl der Credits entsprechend seinen Bed\u00fcrfnissen aus und f\u00fchrt die Zahlung \u00fcber die angebotenen Zahlungsmittel durch. <\/p><h3>Zugang zu den Dienstleistungen<\/h3><p>Nach Best\u00e4tigung der Zahlung ist der Zugang zu den Dienstleistungen sofort verf\u00fcgbar. Der Nutzer kann dann die gew\u00e4hlten Credits oder das Abonnement nutzen, um Inhalte gem\u00e4\u00df den verf\u00fcgbaren Modi und Optionen zu generieren. <\/p><h2>4. Preise und Zahlung<\/h2><h3>Preisgestaltung<\/h3><p>Die anwendbaren Preise sind diejenigen, die zum Zeitpunkt der Bestellung auf der Wisewand-Website angezeigt werden. Sie werden in Euro ohne Steuern (netto) angegeben und k\u00f6nnen jederzeit ohne Vorank\u00fcndigung ge\u00e4ndert werden, wobei sie f\u00fcr zuvor best\u00e4tigte Bestellungen weiterhin gelten. <\/p><h3>Zahlung<\/h3><p>Die Zahlung ist zum Zeitpunkt der Bestellung vollst\u00e4ndig f\u00e4llig und erfolgt \u00fcber die auf der Plattform angebotenen Zahlungsmittel.<\/p><h3>Keine R\u00fcckerstattung<\/h3><p><strong>Alle get\u00e4tigten Zahlungen sind endg\u00fcltig und strikt nicht erstattungsf\u00e4hig, ohne jegliche Ausnahme.<\/strong> Dies gilt auch im Falle von Funktionsst\u00f6rungen, Unzufriedenheit oder nachtr\u00e4glichen Beanstandungen. Der Nutzer verzichtet ausdr\u00fccklich auf jegliches Widerrufsrecht. <\/p><h2>5. Verantwortung des Nutzers<\/h2><h3>Verwendung der Inhalte<\/h3><p>Der Nutzer ist allein verantwortlich f\u00fcr die Verwendung der generierten Inhalte. Er muss sicherstellen, dass deren Nutzung den geltenden Gesetzen entspricht und die Rechte Dritter nicht verletzt. <\/p><h3>Daten und Parameter<\/h3><p>Der Nutzer verpflichtet sich, genaue Informationen bereitzustellen und seine Parameter korrekt zu konfigurieren (Keywords, Briefings, Ausschl\u00fcsse usw.). Jeder Fehler oder jede Unterlassung kann zu fehlerhaften Inhalten f\u00fchren, f\u00fcr die Wisewand nicht verantwortlich gemacht werden kann. <\/p><h2>6. Gew\u00e4hrleistungsausschluss und Haftungsbeschr\u00e4nkung<\/h2><h3>Generierte Inhalte<\/h3><p>Die Inhalte werden automatisch auf Grundlage der vom Nutzer bereitgestellten Daten generiert. Wisewand garantiert nicht deren Richtigkeit, Relevanz, Originalit\u00e4t oder Aktualit\u00e4t. <\/p><h3>Keine Gew\u00e4hrleistung<\/h3><p>Der Dienst wird \u201ewie besehen\u201c ohne ausdr\u00fcckliche oder stillschweigende Gew\u00e4hrleistung bereitgestellt. Wisewand garantiert nicht, dass die Dienstleistungen den spezifischen Anforderungen des Nutzers entsprechen. <\/p><h3>Haftung<\/h3><p>Der Nutzer nutzt die Dienstleistung auf eigenes Risiko und erkl\u00e4rt sich damit einverstanden, Wisewand und seine Partner von jeglicher Haftung im Falle von Sch\u00e4den oder Verlusten freizustellen.<\/p><h2>7. Geistiges Eigentum<\/h2><h3>Algorithmen und Methoden<\/h3><p>Die verwendeten Technologien, Methoden und Tools bleiben ausschlie\u00dfliches Eigentum von Wisewand oder seinen Partnern.<\/p><h3>Generierte Inhalte<\/h3><p>Die generierten Inhalte werden dem Nutzer nach Best\u00e4tigung der Bestellung \u00fcbertragen. Diese \u00dcbertragung ist jedoch mit keinerlei Garantie hinsichtlich Originalit\u00e4t oder Exklusivit\u00e4t verbunden. <\/p><h2>8. Aussetzung und K\u00fcndigung<\/h2><h3>Nichteinhaltung der AGB<\/h3><p>Im Falle der Nichteinhaltung dieser AGB kann Wisewand den Zugang zu den Dienstleistungen ohne Vorank\u00fcndigung oder Entsch\u00e4digung aussetzen oder k\u00fcndigen.<\/p><h3>K\u00fcndigung durch den Nutzer<\/h3><p>Der Nutzer kann sein Abonnement jederzeit k\u00fcndigen, ohne R\u00fcckerstattung der nicht genutzten Zeitr\u00e4ume.<\/p><h2>9. Unterst\u00fctzung und Support<\/h2><p>Der Support ist \u00fcber den integrierten Chat oder per E-Mail verf\u00fcgbar. Jede Anfrage wird gepr\u00fcft, jedoch ist keine R\u00fcckerstattung m\u00f6glich, unabh\u00e4ngig vom Grund. <\/p><h2>10. Anwendbares Recht und Gerichtsstand<\/h2><p>Die AGB unterliegen franz\u00f6sischem Recht. Im Streitfall wird vor jeder Klage vor den zust\u00e4ndigen Gerichten eine g\u00fctliche Einigung angestrebt. <\/p><h2>11. Schlussbestimmungen<\/h2><p>Die Annahme dieser AGB ist f\u00fcr jede Bestellung erforderlich. Jede sp\u00e4tere \u00c4nderung wird auf der Website ver\u00f6ffentlicht. Bei Fragen kann der Nutzer den Support \u00fcber die auf der Wisewand-Website angegebenen Kontaktm\u00f6glichkeiten kontaktieren.  <\/p>\t\t\t\t\t\t\t\t<\/div>\n\t\t\t\t<\/div>\n\t\t\t\t\t<\/div>\n\t\t\t\t<\/div>\n\t\t\t\t<\/div>\n\t\t","protected":false},"excerpt":{"rendered":"<p>Allgemeine Gesch\u00e4ftsbedingungen (AGB) \u2013 Wisewand Letzte Aktualisierung: 1. M\u00e4rz 2025 1. Gegenstand Diese Allgemeinen Gesch\u00e4ftsbedingungen (AGB) dienen dazu, die Modalit\u00e4ten und Bedingungen festzulegen, unter denen Wisewand seinen Nutzern den Zugang zu seiner Plattform f\u00fcr die Erstellung von SEO-optimierten Inhalten sowie zu allen damit verbundenen Dienstleistungen (im Folgenden \u201eDienstleistungen\u201c) zur Verf\u00fcgung stellt. Durch die Nutzung der [&hellip;]<\/p>\n","protected":false},"author":4,"featured_media":0,"parent":0,"menu_order":0,"comment_status":"closed","ping_status":"closed","template":"elementor_header_footer","meta":{"footnotes":""},"class_list":["post-4908","page","type-page","status-publish","hentry"],"_links":{"self":[{"href":"https:\/\/wisewand.ai\/de\/wp-json\/wp\/v2\/pages\/4908","targetHints":{"allow":["GET"]}}],"collection":[{"href":"https:\/\/wisewand.ai\/de\/wp-json\/wp\/v2\/pages"}],"about":[{"href":"https:\/\/wisewand.ai\/de\/wp-json\/wp\/v2\/types\/page"}],"author":[{"embeddable":true,"href":"https:\/\/wisewand.ai\/de\/wp-json\/wp\/v2\/users\/4"}],"replies":[{"embeddable":true,"href":"https:\/\/wisewand.ai\/de\/wp-json\/wp\/v2\/comments?post=4908"}],"version-history":[{"count":2,"href":"https:\/\/wisewand.ai\/de\/wp-json\/wp\/v2\/pages\/4908\/revisions"}],"predecessor-version":[{"id":5099,"href":"https:\/\/wisewand.ai\/de\/wp-json\/wp\/v2\/pages\/4908\/revisions\/5099"}],"wp:attachment":[{"href":"https:\/\/wisewand.ai\/de\/wp-json\/wp\/v2\/media?parent=4908"}],"curies":[{"name":"wp","href":"https:\/\/api.w.org\/{rel}","templated":true}]}}